{"id":675,"date":"2023-12-15T09:07:36","date_gmt":"2023-12-15T09:07:36","guid":{"rendered":"https:\/\/lidiaruz.cat\/contacto\/"},"modified":"2025-08-04T11:55:23","modified_gmt":"2025-08-04T09:55:23","slug":"contacto","status":"publish","type":"page","link":"https:\/\/lidiaruz.cat\/es\/contacto\/","title":{"rendered":"Contacto"},"content":{"rendered":"\n<style type=\"text\/css\" data-created_by=\"avia_inline_auto\" id=\"style-css-av-lks7ipeg-93b4b52c7370c15c2879b19bc8825b83\">\n.avia-section.av-lks7ipeg-93b4b52c7370c15c2879b19bc8825b83{\nbackground-repeat:no-repeat;\nbackground-image:url(https:\/\/lidiaruz.cat\/wp-content\/uploads\/2023\/09\/IMG_3268-1500x630.jpg);\nbackground-position:50% 50%;\nbackground-attachment:scroll;\n}\n.avia-section.av-lks7ipeg-93b4b52c7370c15c2879b19bc8825b83 .av-section-color-overlay{\nopacity:0.5;\nbackground-color:#000000;\n}\n<\/style>\n<div id='av_section_1'  class='avia-section av-lks7ipeg-93b4b52c7370c15c2879b19bc8825b83 main_color avia-section-default avia-no-border-styling  avia-builder-el-0  el_before_av_one_full  avia-builder-el-first  avia-full-stretch avia-bg-style-scroll av-section-color-overlay-active av-minimum-height av-minimum-height-30 av-height-percent  container_wrap fullsize'  data-section-bg-repeat='stretch' data-av_minimum_height_pc='30' data-av_min_height_opt='percent'><div class=\"av-section-color-overlay-wrap\"><div class=\"av-section-color-overlay\"><\/div><div class='container av-section-cont-open' ><main  role=\"main\" itemprop=\"mainContentOfPage\"  class='template-page content  av-content-full alpha units'><div class='post-entry post-entry-type-page post-entry-675'><div class='entry-content-wrapper clearfix'>\n\n<style type=\"text\/css\" data-created_by=\"avia_inline_auto\" id=\"style-css-av-lks71jz6-370aefbe6d17c5960078efb5dbbabd34\">\n#top .av-special-heading.av-lks71jz6-370aefbe6d17c5960078efb5dbbabd34{\nmargin:0 0 20px 0;\npadding-bottom:10px;\ncolor:#ffffff;\n}\nbody .av-special-heading.av-lks71jz6-370aefbe6d17c5960078efb5dbbabd34 .av-special-heading-tag .heading-char{\nfont-size:25px;\n}\n.av-special-heading.av-lks71jz6-370aefbe6d17c5960078efb5dbbabd34 .special-heading-inner-border{\nborder-color:#ffffff;\n}\n.av-special-heading.av-lks71jz6-370aefbe6d17c5960078efb5dbbabd34 .av-subheading{\nfont-size:15px;\n}\n<\/style>\n<div  class='av-special-heading av-lks71jz6-370aefbe6d17c5960078efb5dbbabd34 av-special-heading-h1 custom-color-heading blockquote modern-quote modern-centered  avia-builder-el-1  avia-builder-el-no-sibling '><h1 class='av-special-heading-tag '  itemprop=\"headline\"  >Contacto<\/h1><div class=\"special-heading-border\"><div class=\"special-heading-inner-border\"><\/div><\/div><\/div>\n<\/div><\/div><\/main><!-- close content main element --><\/div><\/div><\/div><div id='after_section_1'  class='main_color av_default_container_wrap container_wrap fullsize'  ><div class='container av-section-cont-open' ><div class='template-page content  av-content-full alpha units'><div class='post-entry post-entry-type-page post-entry-675'><div class='entry-content-wrapper clearfix'>\n\n<style type=\"text\/css\" data-created_by=\"avia_inline_auto\" id=\"style-css-av-5uno-5b1ab6eef240740fd7f23ad69cbba51e\">\n.flex_column.av-5uno-5b1ab6eef240740fd7f23ad69cbba51e{\npadding:0 0 0 0;\n}\n<\/style>\n<div  class='flex_column av-5uno-5b1ab6eef240740fd7f23ad69cbba51e av_one_full  avia-builder-el-2  el_after_av_section  el_before_av_hr  avia-builder-el-first  intro-text first flex_column_div av-zero-column-padding  '     ><p>\n<style type=\"text\/css\" data-created_by=\"avia_inline_auto\" id=\"style-css-av-mdrav8ow-23a3e8d364450a6c404494e9d2dd9e5c\">\n#top .av-special-heading.av-mdrav8ow-23a3e8d364450a6c404494e9d2dd9e5c{\npadding-bottom:10px;\n}\nbody .av-special-heading.av-mdrav8ow-23a3e8d364450a6c404494e9d2dd9e5c .av-special-heading-tag .heading-char{\nfont-size:25px;\n}\n.av-special-heading.av-mdrav8ow-23a3e8d364450a6c404494e9d2dd9e5c .av-subheading{\nfont-size:15px;\n}\n<\/style>\n<div  class='av-special-heading av-mdrav8ow-23a3e8d364450a6c404494e9d2dd9e5c av-special-heading-h2 blockquote modern-quote modern-centered  avia-builder-el-3  el_before_av_hr  avia-builder-el-first '><h2 class='av-special-heading-tag '  itemprop=\"headline\"  >\u00bfHablamos?<\/h2><div class=\"special-heading-border\"><div class=\"special-heading-inner-border\"><\/div><\/div><\/div><br \/>\n\n<style type=\"text\/css\" data-created_by=\"avia_inline_auto\" id=\"style-css-av-mdrawtcm-1ae1c3f8716d813cd17f7041004850e8\">\n#top .hr.hr-invisible.av-mdrawtcm-1ae1c3f8716d813cd17f7041004850e8{\nheight:20px;\n}\n<\/style>\n<div  class='hr av-mdrawtcm-1ae1c3f8716d813cd17f7041004850e8 hr-invisible  avia-builder-el-4  el_after_av_heading  el_before_av_textblock '><span class='hr-inner '><span class=\"hr-inner-style\"><\/span><\/span><\/div><br \/>\n<section  class='av_textblock_section av-lks72pkr-e2aae99e84ac083cea0b65961c910b3d '   itemscope=\"itemscope\" itemtype=\"https:\/\/schema.org\/CreativeWork\" ><div class='avia_textblock'  itemprop=\"text\" ><blockquote>\n<p style=\"text-align: center;\">Si tienes cualquier cuesti\u00f3n legal o necesitas asesoramiento jur\u00eddico, no dudes en ponerte en contacto conmigo. Estoy aqu\u00ed para ayudarte a navegar por el laberinto legal y encontrar la mejor soluci\u00f3n para tu caso.<\/p>\n<\/blockquote>\n<\/div><\/section><\/p><\/div>\n<style type=\"text\/css\" data-created_by=\"avia_inline_auto\" id=\"style-css-av-lksbkgrn-f423f18fc89189bb0a1ad8e107f2316f\">\n#top .hr.hr-invisible.av-lksbkgrn-f423f18fc89189bb0a1ad8e107f2316f{\nheight:50px;\n}\n<\/style>\n<div  class='hr av-lksbkgrn-f423f18fc89189bb0a1ad8e107f2316f hr-invisible  avia-builder-el-6  el_after_av_one_full  el_before_av_one_third '><span class='hr-inner '><span class=\"hr-inner-style\"><\/span><\/span><\/div><\/p>\n\n<style type=\"text\/css\" data-created_by=\"avia_inline_auto\" id=\"style-css-av-wa4g-f1b68931cf16f3bbdf56e597ad946d19\">\n.flex_column.av-wa4g-f1b68931cf16f3bbdf56e597ad946d19{\nborder-radius:0px 0px 0px 0px;\npadding:0px 0px 0px 0px;\n}\n<\/style>\n<div  class='flex_column av-wa4g-f1b68931cf16f3bbdf56e597ad946d19 av_one_third  avia-builder-el-7  el_after_av_hr  el_before_av_two_third  first flex_column_div av-zero-column-padding  '     ><p><section  class='av_textblock_section av-mdrawa56-017198ce8d1025f02f5e6b3e77e12792 '   itemscope=\"itemscope\" itemtype=\"https:\/\/schema.org\/CreativeWork\" ><div class='avia_textblock'  itemprop=\"text\" ><p><strong>L\u00eddia Ruz abogada<\/strong><\/p>\n<\/div><\/section><br \/>\n\n<style type=\"text\/css\" data-created_by=\"avia_inline_auto\" id=\"style-css-av-ll0yys9t-25c366fcbe7f11e30edb8f86a7acef6c\">\n.iconbox.av-ll0yys9t-25c366fcbe7f11e30edb8f86a7acef6c .iconbox_icon{\ncolor:#000000;\n}\n.iconbox.av-ll0yys9t-25c366fcbe7f11e30edb8f86a7acef6c .iconbox_icon.avia-svg-icon svg:first-child{\nfill:#000000;\nstroke:#000000;\n}\n<\/style>\n<article  class='iconbox iconbox_left_content av-ll0yys9t-25c366fcbe7f11e30edb8f86a7acef6c av-icon-style-no-border  avia-builder-el-9  el_after_av_textblock  el_before_av_icon_box '  itemscope=\"itemscope\" itemtype=\"https:\/\/schema.org\/CreativeWork\" ><div class='iconbox_icon heading-color avia-iconfont avia-font-entypo-fontello' data-av_icon='\ue842' data-av_iconfont='entypo-fontello'  ><\/div><div class=\"iconbox_content\"><header class=\"entry-content-header\" aria-label=\"Icon: \"><\/header><div class='iconbox_content_container '  itemprop=\"text\" ><p><a href=\"https:\/\/www.google.es\/maps\/place\/42%C2%B006'00.4%22N+1%C2%B050'36.5%22E\/@42.100115,1.8422643,19z\" target=\"_blank\" rel=\"noopener\">Plaza de los Pa\u00efsos Catalans, 4 2-4<\/a><br \/>\n<a href=\"https:\/\/www.google.es\/maps\/place\/42%C2%B006'00.4%22N+1%C2%B050'36.5%22E\/@42.100115,1.8422643,19z\" target=\"_blank\" rel=\"noopener\">08600 Berga, Barcelona<\/a><\/p>\n<\/div><\/div><footer class=\"entry-footer\"><\/footer><\/article><br \/>\n\n<style type=\"text\/css\" data-created_by=\"avia_inline_auto\" id=\"style-css-av-ll100sw7-a8951ab239f26db13ff6484bf5dcfdf8\">\n.iconbox.av-ll100sw7-a8951ab239f26db13ff6484bf5dcfdf8 .iconbox_icon{\ncolor:#000000;\n}\n.iconbox.av-ll100sw7-a8951ab239f26db13ff6484bf5dcfdf8 .iconbox_icon.avia-svg-icon svg:first-child{\nfill:#000000;\nstroke:#000000;\n}\n<\/style>\n<article  class='iconbox iconbox_left_content av-ll100sw7-a8951ab239f26db13ff6484bf5dcfdf8 av-icon-style-no-border  avia-builder-el-10  el_after_av_icon_box  el_before_av_icon_box '  itemscope=\"itemscope\" itemtype=\"https:\/\/schema.org\/CreativeWork\" ><div class='iconbox_icon heading-color avia-iconfont avia-font-entypo-fontello' data-av_icon='\ue854' data-av_iconfont='entypo-fontello'  ><\/div><div class=\"iconbox_content\"><header class=\"entry-content-header\" aria-label=\"Icon: \"><\/header><div class='iconbox_content_container '  itemprop=\"text\" ><p><a href=\"tel:666082823\">666 08 28 23<\/a><\/p>\n<\/div><\/div><footer class=\"entry-footer\"><\/footer><\/article><br \/>\n\n<style type=\"text\/css\" data-created_by=\"avia_inline_auto\" id=\"style-css-av-ll101cbu-d8cbba944591d396cd087390ff798d6a\">\n.iconbox.av-ll101cbu-d8cbba944591d396cd087390ff798d6a .iconbox_icon{\ncolor:#000000;\n}\n.iconbox.av-ll101cbu-d8cbba944591d396cd087390ff798d6a .iconbox_icon.avia-svg-icon svg:first-child{\nfill:#000000;\nstroke:#000000;\n}\n<\/style>\n<article  class='iconbox iconbox_left_content av-ll101cbu-d8cbba944591d396cd087390ff798d6a av-icon-style-no-border  avia-builder-el-11  el_after_av_icon_box  el_before_av_icon_box '  itemscope=\"itemscope\" itemtype=\"https:\/\/schema.org\/CreativeWork\" ><div class='iconbox_icon heading-color avia-iconfont avia-font-entypo-fontello' data-av_icon='\ue805' data-av_iconfont='entypo-fontello'  ><\/div><div class=\"iconbox_content\"><header class=\"entry-content-header\" aria-label=\"Icon: \"><\/header><div class='iconbox_content_container '  itemprop=\"text\" ><p><a href=\"mailto:lidia.ruz@icab.cat\">lidia.ruz@icab.cat<\/a><\/p>\n<\/div><\/div><footer class=\"entry-footer\"><\/footer><\/article><br \/>\n\n<style type=\"text\/css\" data-created_by=\"avia_inline_auto\" id=\"style-css-av-lyzluk2b-73354ba67e166d06bfcc2ea47c6783fc\">\n.iconbox.av-lyzluk2b-73354ba67e166d06bfcc2ea47c6783fc .iconbox_icon{\ncolor:#000000;\n}\n.iconbox.av-lyzluk2b-73354ba67e166d06bfcc2ea47c6783fc .iconbox_icon.avia-svg-icon svg:first-child{\nfill:#000000;\nstroke:#000000;\n}\n<\/style>\n<article  class='iconbox iconbox_left_content av-lyzluk2b-73354ba67e166d06bfcc2ea47c6783fc av-icon-style-no-border  avia-builder-el-12  el_after_av_icon_box  el_before_av_hr '  itemscope=\"itemscope\" itemtype=\"https:\/\/schema.org\/CreativeWork\" ><div class='iconbox_icon heading-color avia-iconfont avia-font-entypo-fontello' data-av_icon='\uf16d' data-av_iconfont='entypo-fontello'  ><\/div><div class=\"iconbox_content\"><header class=\"entry-content-header\" aria-label=\"Icon: \"><\/header><div class='iconbox_content_container '  itemprop=\"text\" ><p><a href=\"https:\/\/www.instagram.com\/lidiaruzadvocada\/\" target=\"_blank\" rel=\"noopener\">@lidiaruzadvocada<\/a><\/p>\n<\/div><\/div><footer class=\"entry-footer\"><\/footer><\/article><br \/>\n\n<style type=\"text\/css\" data-created_by=\"avia_inline_auto\" id=\"style-css-av-ui8g-23013be866f703fea4596ed85f6f09da\">\n#top .hr.hr-invisible.av-ui8g-23013be866f703fea4596ed85f6f09da{\nheight:20px;\n}\n<\/style>\n<div  class='hr av-ui8g-23013be866f703fea4596ed85f6f09da hr-invisible  avia-builder-el-13  el_after_av_icon_box  el_before_av_image '><span class='hr-inner '><span class=\"hr-inner-style\"><\/span><\/span><\/div><br \/>\n\n<style type=\"text\/css\" data-created_by=\"avia_inline_auto\" id=\"style-css-av-lks73uq1-92fbba937797cb72609d9076a1dffb47\">\n.avia-image-container.av-lks73uq1-92fbba937797cb72609d9076a1dffb47 img.avia_image{\nbox-shadow:none;\n}\n.avia-image-container.av-lks73uq1-92fbba937797cb72609d9076a1dffb47 .av-image-caption-overlay-center{\ncolor:#ffffff;\n}\n<\/style>\n<div  class='avia-image-container av-lks73uq1-92fbba937797cb72609d9076a1dffb47 av-styling- avia-align-left  avia-builder-el-14  el_after_av_hr  avia-builder-el-last  logo-footer'   itemprop=\"image\" itemscope=\"itemscope\" itemtype=\"https:\/\/schema.org\/ImageObject\" ><div class=\"avia-image-container-inner\"><div class=\"avia-image-overlay-wrap\"><img decoding=\"async\" fetchpriority=\"high\" class='wp-image-853 avia-img-lazy-loading-not-853 avia_image ' src=\"https:\/\/lidiaruz.cat\/wp-content\/uploads\/2023\/08\/favicon-300x266.png\" alt='L\u00eddia Ruz, assessorament jur\u00eddic a Berga' title='L\u00eddia Ruz, assessorament jur\u00eddic a Berga'  height=\"266\" width=\"300\"  itemprop=\"thumbnailUrl\" srcset=\"https:\/\/lidiaruz.cat\/wp-content\/uploads\/2023\/08\/favicon-300x266.png 300w, https:\/\/lidiaruz.cat\/wp-content\/uploads\/2023\/08\/favicon-1030x912.png 1030w, https:\/\/lidiaruz.cat\/wp-content\/uploads\/2023\/08\/favicon-768x680.png 768w, https:\/\/lidiaruz.cat\/wp-content\/uploads\/2023\/08\/favicon-705x624.png 705w, https:\/\/lidiaruz.cat\/wp-content\/uploads\/2023\/08\/favicon.png 1276w\" sizes=\"(max-width: 300px) 100vw, 300px\" \/><\/div><\/div><\/div><\/p><\/div>\n\n<style type=\"text\/css\" data-created_by=\"avia_inline_auto\" id=\"style-css-av-6hslk-4b36f880a3807f36abc962ad12149860\">\n.flex_column.av-6hslk-4b36f880a3807f36abc962ad12149860{\nborder-radius:0px 0px 0px 0px;\npadding:0px 0px 0px 0px;\n}\n<\/style>\n<div  class='flex_column av-6hslk-4b36f880a3807f36abc962ad12149860 av_two_third  avia-builder-el-15  el_after_av_one_third  el_before_av_google_map  avia-builder-el-last  flex_column_div av-zero-column-padding  '     ><form action=\"https:\/\/lidiaruz.cat\/es\/contacto\/\" method=\"post\" data-fields-with-error=\"Found errors in the following field(s):\" class=\"avia_ajax_form av-form-labels-hidden   avia-builder-el-16  avia-builder-el-no-sibling  av-custom-form-color av-dark-form \" data-avia-form-id=\"1\" data-avia-redirect='' ><fieldset><p class='  first_form  form_element form_fullwidth' id='element_avia_1_1'><label for=\"avia_1_1\">Nombre <abbr class=\"required\" title=\"requerido\">*<\/abbr><\/label> <input name=\"avia_1_1\" class=\"text_input is_empty\" type=\"text\" id=\"avia_1_1\" value=\"\"  placeholder='Nombre*'\/><\/p><p class='  first_form  form_element form_element_half' id='element_avia_2_1'><label for=\"avia_2_1\">E-Mail <abbr class=\"required\" title=\"requerido\">*<\/abbr><\/label> <input name=\"avia_2_1\" class=\"text_input is_email\" type=\"text\" id=\"avia_2_1\" value=\"\"  placeholder='E-Mail*'\/><\/p><p class='  form_element form_element_half' id='element_avia_3_1'><label for=\"avia_3_1\">Tel\u00e9fono<\/label> <input name=\"avia_3_1\" class=\"text_input \" type=\"text\" id=\"avia_3_1\" value=\"\"  placeholder='Tel\u00e9fono'\/><\/p><p class='  first_form  form_element form_fullwidth' id='element_avia_4_1'><label for=\"avia_4_1\" class=\"textare_label hidden textare_label_avia_4_1\">Mensaje <abbr class=\"required\" title=\"requerido\">*<\/abbr><\/label><textarea  placeholder='Mensaje*' name=\"avia_4_1\" class=\"text_area is_empty\" cols=\"40\" rows=\"7\" id=\"avia_4_1\" ><\/textarea><\/p><p class=\"hidden\"><input type=\"text\" name=\"avia_5_1\" class=\"hidden \" id=\"avia_5_1\" value=\"\" \/><\/p><div id='avia_6_1' class='av-recaptcha-area  first_form  form_element form_fullwidth av-last-visible-form-element '  data-container_class=\"\" data-custom_class=\"\" data-context=\"av_contact_form\" data-token_input=\"av_recaptcha_token\" data-version=\"avia_recaptcha_v3\" data-theme=\"light\" data-size=\"normal\" data-score=\"0.5\" data-text_to_preview=\"\" data-value=\"\"><div class=\"av-google-badge-message hidden\">Este sitio est\u00e1 protegido por reCAPTCHA y se aplican la <a href=\"https:\/\/policies.google.com\/privacy\" target=\"_blank\">Pol\u00edtica de privacidad<\/a> y las <a href=\"https:\/\/policies.google.com\/terms\" target=\"_blank\">Condiciones de servicio <\/a> de Google.<\/div><\/div><p class=' av_form_privacy_check av_contact_privacy_check first_form  form_element form_fullwidth' id='element_avia_7_1'><input  name=\"avia_7_1\" class=\"input_checkbox is_empty\" type=\"checkbox\" id=\"avia_7_1\" value=\"true\"\/><label class=\"input_checkbox_label\" for=\"avia_7_1\">Acepto los t\u00e9rminos y condiciones establecidos en la <a href='https:\/\/lidiaruz.cat\/politica-privacitat\/' target='_blank'> Pol\u00edtica de privacidad<\/a> <abbr class=\"required\" title=\"requerido\">*<\/abbr><\/label><\/p><p class=\"form_element \"><input type=\"hidden\" value=\"1\" name=\"avia_generated_form1\" \/><input type=\"submit\" value=\"Enviar\" class=\"button\"  data-sending-label=\"Enviando\"\/><\/p><\/fieldset><div class=\"avia-disabled-form\">This contact form is deactivated because you refused to accept Google reCaptcha service which is necessary to validate any messages sent by the form.<\/div><\/form><div id=\"ajaxresponse_1\" class=\"ajaxresponse ajaxresponse_1 hidden\"><\/div><\/div>\n<div  class='av_gmaps_sc_main_wrap av_gmaps_main_wrap '><div id='av_gmap_0' class='avia-google-map-container avia-google-map-sc av_gmaps_show_unconditionally av-no-fallback-img ' data-mapid='av_gmap_0'  style='height: 400px;'><a class=\"av_gmaps_browser_disabled av_text_confirm_link av_text_confirm_link_visible\" href=\"https:\/\/www.google.com\/maps\/search\/?api=1&#038;query=Pla\u00e7a%20dels%20Pa\u00efsos%20Catalans,%204%202-4%2008600%20Berga\" target=\"_blank\">Maps were disabled by the visitor on this site. Click to open the map in a new window.<\/a><\/div><\/div>\n","protected":false},"excerpt":{"rendered":"","protected":false},"author":3,"featured_media":0,"parent":0,"menu_order":0,"comment_status":"closed","ping_status":"closed","template":"","meta":{"inline_featured_image":false,"footnotes":""},"class_list":["post-675","page","type-page","status-publish","hentry"],"yoast_head":"<!-- This site is optimized with the Yoast SEO plugin v27.0 - https:\/\/yoast.com\/product\/yoast-seo-wordpress\/ -->\n<title>Contacta con abogada en Berga: Asesoramiento legal personalizado - L\u00eddia Ruz advocada<\/title>\n<meta name=\"description\" content=\"Contacta con L\u00eddia Ruz para obtener asesoramiento jur\u00eddico en Berga y el Bergued\u00e0. Especialista en derecho familiar, civil y penal.\" \/>\n<meta name=\"robots\" content=\"index, follow, max-snippet:-1, max-image-preview:large, max-video-preview:-1\" \/>\n<link rel=\"canonical\" href=\"https:\/\/lidiaruz.cat\/contacte\/\" \/>\n<meta property=\"og:locale\" content=\"es_ES\" \/>\n<meta property=\"og:type\" content=\"article\" \/>\n<meta property=\"og:title\" content=\"Contacta con abogada en Berga: Asesoramiento legal personalizado - L\u00eddia Ruz advocada\" \/>\n<meta property=\"og:description\" content=\"Contacta con L\u00eddia Ruz para obtener asesoramiento jur\u00eddico en Berga y el Bergued\u00e0. Especialista en derecho familiar, civil y penal.\" \/>\n<meta property=\"og:url\" content=\"https:\/\/lidiaruz.cat\/contacte\/\" \/>\n<meta property=\"og:site_name\" content=\"L\u00eddia Ruz advocada\" \/>\n<meta property=\"article:modified_time\" content=\"2025-08-04T09:55:23+00:00\" \/>\n<meta name=\"twitter:card\" content=\"summary_large_image\" \/>\n<meta name=\"twitter:label1\" content=\"Tiempo de lectura\" \/>\n\t<meta name=\"twitter:data1\" content=\"1 minuto\" \/>\n<script type=\"application\/ld+json\" class=\"yoast-schema-graph\">{\"@context\":\"https:\/\/schema.org\",\"@graph\":[{\"@type\":\"WebPage\",\"@id\":\"https:\/\/lidiaruz.cat\/contacte\/\",\"url\":\"https:\/\/lidiaruz.cat\/contacte\/\",\"name\":\"Contacta con abogada en Berga: Asesoramiento legal personalizado - L\u00eddia Ruz advocada\",\"isPartOf\":{\"@id\":\"https:\/\/lidiaruz.cat\/#website\"},\"datePublished\":\"2023-12-15T09:07:36+00:00\",\"dateModified\":\"2025-08-04T09:55:23+00:00\",\"description\":\"Contacta con L\u00eddia Ruz para obtener asesoramiento jur\u00eddico en Berga y el Bergued\u00e0. Especialista en derecho familiar, civil y penal.\",\"breadcrumb\":{\"@id\":\"https:\/\/lidiaruz.cat\/contacte\/#breadcrumb\"},\"inLanguage\":\"es\",\"potentialAction\":[{\"@type\":\"ReadAction\",\"target\":[\"https:\/\/lidiaruz.cat\/contacte\/\"]}]},{\"@type\":\"BreadcrumbList\",\"@id\":\"https:\/\/lidiaruz.cat\/contacte\/#breadcrumb\",\"itemListElement\":[{\"@type\":\"ListItem\",\"position\":1,\"name\":\"Inici\",\"item\":\"https:\/\/lidiaruz.cat\/es\/\"},{\"@type\":\"ListItem\",\"position\":2,\"name\":\"Contacto\"}]},{\"@type\":\"WebSite\",\"@id\":\"https:\/\/lidiaruz.cat\/#website\",\"url\":\"https:\/\/lidiaruz.cat\/\",\"name\":\"L\u00eddia Ruz advocada\",\"description\":\"Abogada en Berga, dret fam\u00edlia, processal civil i penal\",\"potentialAction\":[{\"@type\":\"SearchAction\",\"target\":{\"@type\":\"EntryPoint\",\"urlTemplate\":\"https:\/\/lidiaruz.cat\/?s={search_term_string}\"},\"query-input\":{\"@type\":\"PropertyValueSpecification\",\"valueRequired\":true,\"valueName\":\"search_term_string\"}}],\"inLanguage\":\"es\"}]}<\/script>\n<!-- \/ Yoast SEO plugin. -->","yoast_head_json":{"title":"Contacta con abogada en Berga: Asesoramiento legal personalizado - L\u00eddia Ruz advocada","description":"Contacta con L\u00eddia Ruz para obtener asesoramiento jur\u00eddico en Berga y el Bergued\u00e0. Especialista en derecho familiar, civil y penal.","robots":{"index":"index","follow":"follow","max-snippet":"max-snippet:-1","max-image-preview":"max-image-preview:large","max-video-preview":"max-video-preview:-1"},"canonical":"https:\/\/lidiaruz.cat\/contacte\/","og_locale":"es_ES","og_type":"article","og_title":"Contacta con abogada en Berga: Asesoramiento legal personalizado - L\u00eddia Ruz advocada","og_description":"Contacta con L\u00eddia Ruz para obtener asesoramiento jur\u00eddico en Berga y el Bergued\u00e0. Especialista en derecho familiar, civil y penal.","og_url":"https:\/\/lidiaruz.cat\/contacte\/","og_site_name":"L\u00eddia Ruz advocada","article_modified_time":"2025-08-04T09:55:23+00:00","twitter_card":"summary_large_image","twitter_misc":{"Tiempo de lectura":"1 minuto"},"schema":{"@context":"https:\/\/schema.org","@graph":[{"@type":"WebPage","@id":"https:\/\/lidiaruz.cat\/contacte\/","url":"https:\/\/lidiaruz.cat\/contacte\/","name":"Contacta con abogada en Berga: Asesoramiento legal personalizado - L\u00eddia Ruz advocada","isPartOf":{"@id":"https:\/\/lidiaruz.cat\/#website"},"datePublished":"2023-12-15T09:07:36+00:00","dateModified":"2025-08-04T09:55:23+00:00","description":"Contacta con L\u00eddia Ruz para obtener asesoramiento jur\u00eddico en Berga y el Bergued\u00e0. Especialista en derecho familiar, civil y penal.","breadcrumb":{"@id":"https:\/\/lidiaruz.cat\/contacte\/#breadcrumb"},"inLanguage":"es","potentialAction":[{"@type":"ReadAction","target":["https:\/\/lidiaruz.cat\/contacte\/"]}]},{"@type":"BreadcrumbList","@id":"https:\/\/lidiaruz.cat\/contacte\/#breadcrumb","itemListElement":[{"@type":"ListItem","position":1,"name":"Inici","item":"https:\/\/lidiaruz.cat\/es\/"},{"@type":"ListItem","position":2,"name":"Contacto"}]},{"@type":"WebSite","@id":"https:\/\/lidiaruz.cat\/#website","url":"https:\/\/lidiaruz.cat\/","name":"L\u00eddia Ruz advocada","description":"Abogada en Berga, dret fam\u00edlia, processal civil i penal","potentialAction":[{"@type":"SearchAction","target":{"@type":"EntryPoint","urlTemplate":"https:\/\/lidiaruz.cat\/?s={search_term_string}"},"query-input":{"@type":"PropertyValueSpecification","valueRequired":true,"valueName":"search_term_string"}}],"inLanguage":"es"}]}},"_links":{"self":[{"href":"https:\/\/lidiaruz.cat\/es\/wp-json\/wp\/v2\/pages\/675","targetHints":{"allow":["GET"]}}],"collection":[{"href":"https:\/\/lidiaruz.cat\/es\/wp-json\/wp\/v2\/pages"}],"about":[{"href":"https:\/\/lidiaruz.cat\/es\/wp-json\/wp\/v2\/types\/page"}],"author":[{"embeddable":true,"href":"https:\/\/lidiaruz.cat\/es\/wp-json\/wp\/v2\/users\/3"}],"replies":[{"embeddable":true,"href":"https:\/\/lidiaruz.cat\/es\/wp-json\/wp\/v2\/comments?post=675"}],"version-history":[{"count":10,"href":"https:\/\/lidiaruz.cat\/es\/wp-json\/wp\/v2\/pages\/675\/revisions"}],"predecessor-version":[{"id":1027,"href":"https:\/\/lidiaruz.cat\/es\/wp-json\/wp\/v2\/pages\/675\/revisions\/1027"}],"wp:attachment":[{"href":"https:\/\/lidiaruz.cat\/es\/wp-json\/wp\/v2\/media?parent=675"}],"curies":[{"name":"wp","href":"https:\/\/api.w.org\/{rel}","templated":true}]}}