{"id":748,"date":"2023-12-15T12:27:51","date_gmt":"2023-12-15T12:27:51","guid":{"rendered":"https:\/\/lidiaruz.cat\/politica-de-cookies\/"},"modified":"2025-07-31T13:44:25","modified_gmt":"2025-07-31T11:44:25","slug":"politica-de-cookies","status":"publish","type":"page","link":"https:\/\/lidiaruz.cat\/es\/politica-de-cookies\/","title":{"rendered":"Pol\u00edtica de cookies"},"content":{"rendered":"\n<style type=\"text\/css\" data-created_by=\"avia_inline_auto\" id=\"style-css-av-113ir-584a3eda24df9f1edd85250bfc3bae2b\">\n.flex_column.av-113ir-584a3eda24df9f1edd85250bfc3bae2b{\nborder-radius:0px 0px 0px 0px;\npadding:0px 0px 0px 0px;\n}\n<\/style>\n<div  class='flex_column av-113ir-584a3eda24df9f1edd85250bfc3bae2b av_one_full  avia-builder-el-0  avia-builder-el-no-sibling  first flex_column_div av-zero-column-padding  '     ><section  class='av_textblock_section av-jj8ft5xd-4a09ae0dae706def2868c6de37994597 '   itemscope=\"itemscope\" itemtype=\"https:\/\/schema.org\/CreativeWork\" ><div class='avia_textblock'  itemprop=\"text\" ><h1>Pol\u00edtica de cookies<\/h1>\r\n<h2>\u00bfQu\u00e9 son las cookies?<\/h2>\r\n<p>Una cookie es un archivo que se descarga en su ordenador al acceder a determinadas p\u00e1ginas web. Las cookies permiten a una p\u00e1gina web, entre otras cosas, almacenar y recuperar informaci\u00f3n sobre h\u00e1bitos de navegaci\u00f3n de un usuario o de su equipo y, dependiendo de la informaci\u00f3n que contengan y de la forma que utilice su equipo, se pueden utilizar para reconocer al usuario.<\/p>\r\n<h2>Para qu\u00e9 utiliza las cookies esta p\u00e1gina web y cu\u00e1les son?<\/h2>\r\n<p>Esta p\u00e1gina web utiliza las cookies para una serie de finalidades, el detalle de las cookies utilizadas en esta p\u00e1gina web es el siguiente:<\/p>\r\n<table width='657'>\r\n<tbody>\r\n<tr>\r\n<td width='68'>\r\n<p><strong>cookies<\/strong><\/p>\r\n<\/td>\r\n<td width='67'>\r\n<p><strong>nombre<\/strong><\/p>\r\n<\/td>\r\n<td width='55'>\r\n<p><strong>tipo<\/strong><\/p>\r\n<\/td>\r\n<td width='323'>\r\n<p><strong>prop\u00f3sito<\/strong><\/p>\r\n<\/td>\r\n<td width='143'>\r\n<p><strong>m\u00e1s informaci\u00f3n<\/strong><\/p>\r\n<\/td>\r\n<\/tr>\r\n<tr>\r\n<td width='68'>\r\n<p>_ga<\/p>\r\n<\/td>\r\n<td width='67'>\r\n<p>Google Analytics<\/p>\r\n<\/td>\r\n<td width='55'>\r\n<p>de terceros<\/p>\r\n<\/td>\r\n<td width='323'>\r\n<p>Este nombre de la cookie est\u00e1 asociado con Google Universal Analytics, que es una actualizaci\u00f3n significativa del servicio de an\u00e1lisis de Google m\u00e1s utilizado. Esta cookie se utiliza para distinguir usuarios \u00fanicos asignando un n\u00famero generado aleatoriamente como identificador del cliente. Se incluye en cada solicitud de p\u00e1gina de un sitio y se utiliza para calcular los datos de visitantes, sesiones y campa\u00f1as para los informes de an\u00e1lisis. De manera predeterminada, esta caducar\u00e1 despu\u00e9s de 2 a\u00f1os, aunque esta sea personalizable por los propietarios del sitio web.<\/p>\r\n<\/td>\r\n<td width='143'>\r\n<p><a href='https:\/\/marketingplatform.google.com\/about\/analytics\/'>https:\/\/marketingplatform.google.com\/about\/analytics\/<\/a><\/p>\r\n<p>\u00a0<\/p>\r\n<\/td>\r\n<\/tr>\r\n<tr>\r\n<td width='68'>\r\n<p>_gid<\/p>\r\n<p>\u00a0<\/p>\r\n<\/td>\r\n<td width='67'>\r\n<p>Google Analytics<\/p>\r\n<\/td>\r\n<td width='55'>\r\n<p>de terceros<\/p>\r\n<\/td>\r\n<td width='323'>\r\n<p>Este nombre de la cookie est\u00e1 asociado con Google Universal Analytics. Esta es una nueva cookie que almacena y actualiza un valor \u00fanico para cada p\u00e1gina visitada.<\/p>\r\n<\/td>\r\n<td width='143'>\r\n<p><a href='https:\/\/marketingplatform.google.com\/about\/analytics\/'>https:\/\/marketingplatform.google.com\/about\/analytics\/<\/a><\/p>\r\n<p>\u00a0<\/p>\r\n<\/td>\r\n<\/tr>\r\n<tr>\r\n<td width='68'>\r\n<p>_gat<\/p>\r\n<p>\u00a0<\/p>\r\n<\/td>\r\n<td width='67'>\r\n<p>Google Analytics<\/p>\r\n<\/td>\r\n<td width='55'>\r\n<p>de terceros<\/p>\r\n<\/td>\r\n<td width='323'>\r\n<p>Cookie asociada a Google Universal Analytics, se utiliza para acelerar el porcentaje de solicitudes, limitando la recopilaci\u00f3n de datos en los lugares de tr\u00e1nsito elevados. Vence despu\u00e9s de 10 minutos.<\/p>\r\n<\/td>\r\n<td width='143'>\r\n<p><a href='https:\/\/marketingplatform.google.com\/about\/analytics\/'>https:\/\/marketingplatform.google.com\/about\/analytics\/<\/a><\/p>\r\n<p>\u00a0<\/p>\r\n<\/td>\r\n<\/tr>\r\n<tr>\r\n<td width='68'>\r\n<p>240planD<\/p>\r\n<\/td>\r\n<td width='67'>\r\n<p>240planD<\/p>\r\n<\/td>\r\n<td width='55'>\r\n<p>propia<\/p>\r\n<\/td>\r\n<td width='323'>\r\n<p>Esta es una cookie t\u00e9cnica cuyo uso es espec\u00edfico para nuestro host OVH Roubaix y permite, entre otras cosas, garantizar la distribuci\u00f3n de la carga en servidores.<\/p>\r\n<\/td>\r\n<td width='143'>\r\n<p>\u00a0<\/p>\r\n<\/td>\r\n<\/tr>\r\n<tr>\r\n<td width='68'>\r\n<p>PHPSESSID<\/p>\r\n<p>\u00a0<\/p>\r\n<\/td>\r\n<td width='67'>\r\n<p>PHPSESSID<\/p>\r\n<p>\u00a0<\/p>\r\n<\/td>\r\n<td width='55'>\r\n<p>propia<\/p>\r\n<\/td>\r\n<td width='323'>\r\n<p>Cookie generada por aplicaciones basadas en el lenguaje PHP. Este es un identificador de prop\u00f3sito general utilizado para mantener las variables de sesi\u00f3n del usuario. Normalmente es un n\u00famero generado aleatoriamente, la forma en que se utiliza puede ser espec\u00edfica del sitio, un claro ejemplo es el de mantener los datos de un estado de usuario registrado entre p\u00e1ginas.<\/p>\r\n<\/td>\r\n<td width='143'>\r\n<p><a href='http:\/\/php.net\/manual\/en\/function.session-id.php'>http:\/\/php.net\/manual\/en\/function.session-id.php<\/a><\/p>\r\n<p>\u00a0<\/p>\r\n<\/td>\r\n<\/tr>\r\n<tr>\r\n<td width='68'>\r\n<p>aviaCookieConsent<\/p>\r\n<p>\u00a0<\/p>\r\n<\/td>\r\n<td width='67'>\r\n<p>\u00a0aviaCookieConsent<\/p>\r\n<\/td>\r\n<td width='55'>\r\n<p>propia<\/p>\r\n<\/td>\r\n<td width='323'>\r\n<p>Cookie que almacena la aceptaci\u00f3n o no del usuario a continuar navegando en la p\u00e1gina web.<\/p>\r\n<\/td>\r\n<td width='143'>\r\n<p>\u00a0<\/p>\r\n<\/td>\r\n<\/tr>\r\n<tr>\r\n<td width='68'>\r\n<p>wordpress_test_cookie<\/p>\r\n<\/td>\r\n<td width='67'>\r\n<p>wordpress_test_cookie<\/p>\r\n<\/td>\r\n<td width='55'>\r\n<p>propia<\/p>\r\n<\/td>\r\n<td width='323'>\r\n<p>Esta cookie se utiliza para que el gestor de contenidos WordPress compruebe si el navegador tiene las cookies activadas<\/p>\r\n<\/td>\r\n<td width='143'>\r\n<p>\u00a0<\/p>\r\n<\/td>\r\n<\/tr>\r\n<tr>\r\n<td width='68'>\r\n<p>wordpress_logged_in_<\/p>\r\n<\/td>\r\n<td width='67'>\r\n<p>wordpress_logged_in_<\/p>\r\n<\/td>\r\n<td width='55'>\r\n<p>propia<\/p>\r\n<\/td>\r\n<td width='323'>\r\n<p>Despu\u00e9s del loggin, WordPress activa la cookie wordpress_logged_in_, cuya funci\u00f3n es indicar cuando se ha conectado y qui\u00e9n es, siendo utilizado por la interfaz de WordPress.<\/p>\r\n<p>\u00a0<\/p>\r\n<\/td>\r\n<td width='143'>\r\n<p>\u00a0<\/p>\r\n<\/td>\r\n<\/tr>\r\n<tr>\r\n<td width='68'>\r\n<p>wp-settings-time-X, wp-settings-X<\/p>\r\n<\/td>\r\n<td width='67'>\r\n<p>wp-settings-time-X, wp-settings-X<\/p>\r\n<\/td>\r\n<td width='55'>\r\n<p>propia<\/p>\r\n<\/td>\r\n<td width='323'>\r\n<p>Estas cookies son utilizadas por WordPress para personalizar la Interfaz de Usuario.<\/p>\r\n<p>\u00a0<\/p>\r\n<\/td>\r\n<td width='143'>\r\n<p>\u00a0<\/p>\r\n<\/td>\r\n<\/tr>\r\n<\/tbody>\r\n<\/table>\r\n<p>\u00a0<\/p>\r\n<p>Nota: Las cookies de tipo 'propias' son utilizadas s\u00f3lo por el propietario de esta web y las cookies 'De terceros' son utilizadas, por el prestador del servicio que est\u00e1 detallado en el cuadro anterior.<\/p>\r\n<h2>\u00bfC\u00f3mo puedo desactivar o eliminar estas cookies?<\/h2>\r\n<p>Puede usted permitir, bloquear o eliminar las cookies instaladas en su equipo mediante la configuraci\u00f3n de las opciones del navegador en su ordenador:<\/p>\r\n<ul>\r\n<li>Firefox: <a href='http:\/\/support.mozilla.org\/es\/kb\/habilitar-y-deshabilitar-cookies-que-los-sitios-we'>http:\/\/support.mozilla.org\/es\/kb\/habilitar-y-deshabilitar-cookies-que-los-sitios-we<\/a><\/li>\r\n<li>Chrome: <a href='http:\/\/support.google.com\/chrome\/bin\/answer.py?hl=es&amp;answer=95647'>http:\/\/support.google.com\/chrome\/bin\/answer.py?hl=es&amp;answer=95647<\/a><\/li>\r\n<li>Explorer: <a href='http:\/\/windows.microsoft.com\/es-es\/windows7\/how-to-manage-cookies-in-internet-explorer-9'>http:\/\/windows.microsoft.com\/es-es\/windows7\/how-to-manage-cookies-in-internet-explorer-9<\/a><\/li>\r\n<li>Safari: <a href='http:\/\/support.apple.com\/kb\/ph5042'>http:\/\/support.apple.com\/kb\/ph5042<\/a><\/li>\r\n<li>Opera: <a href='https:\/\/www.opera.com\/help\/tutorials\/security\/privacy'>https:\/\/www.opera.com\/help\/tutorials\/security\/privacy<\/a><\/li>\r\n<li>Otros navegadores: Consulte la documentaci\u00f3n del navegador que tenga instalado.<\/li>\r\n<\/ul>\r\n<h3>Complemento de inhabilitaci\u00f3n para navegadores de Google Analytics<\/h3>\r\n<p>Si desea rechazar las cookies anal\u00edticas de Google Analytics en todos los navegadores, por lo que no se env\u00ede informaci\u00f3n suya en Google Analytics, puede descargar un complemento que realiza esta funci\u00f3n desde este enlace: <a href='https:\/\/tools.google.com\/dlpage\/gaoptout'>https:\/\/tools.google.com\/dlpage\/gaoptout<\/a>.<\/p>\n<\/div><\/section><\/div>\n","protected":false},"excerpt":{"rendered":"","protected":false},"author":3,"featured_media":0,"parent":0,"menu_order":0,"comment_status":"closed","ping_status":"closed","template":"","meta":{"inline_featured_image":false,"footnotes":""},"class_list":["post-748","page","type-page","status-publish","hentry"],"yoast_head":"<!-- This site is optimized with the Yoast SEO plugin v27.0 - https:\/\/yoast.com\/product\/yoast-seo-wordpress\/ -->\n<title>Pol\u00edtica de cookies: Informaci\u00f3n sobre uso de datos en el Bergued\u00e0 - L\u00eddia Ruz advocada<\/title>\n<meta name=\"description\" content=\"Consulta nuestra pol\u00edtica de cookies para obtener informaci\u00f3n sobre el uso de datos y la recopilaci\u00f3n de navegaci\u00f3n en nuestra web de asesoramiento legal.\" \/>\n<meta name=\"robots\" content=\"index, follow, max-snippet:-1, max-image-preview:large, max-video-preview:-1\" \/>\n<link rel=\"canonical\" href=\"https:\/\/lidiaruz.cat\/politica-de-cookies\/\" \/>\n<meta property=\"og:locale\" content=\"es_ES\" \/>\n<meta property=\"og:type\" content=\"article\" \/>\n<meta property=\"og:title\" content=\"Pol\u00edtica de cookies: Informaci\u00f3n sobre uso de datos en el Bergued\u00e0 - L\u00eddia Ruz advocada\" \/>\n<meta property=\"og:description\" content=\"Consulta nuestra pol\u00edtica de cookies para obtener informaci\u00f3n sobre el uso de datos y la recopilaci\u00f3n de navegaci\u00f3n en nuestra web de asesoramiento legal.\" \/>\n<meta property=\"og:url\" content=\"https:\/\/lidiaruz.cat\/politica-de-cookies\/\" \/>\n<meta property=\"og:site_name\" content=\"L\u00eddia Ruz advocada\" \/>\n<meta property=\"article:modified_time\" content=\"2025-07-31T11:44:25+00:00\" \/>\n<meta name=\"twitter:card\" content=\"summary_large_image\" \/>\n<meta name=\"twitter:label1\" content=\"Tiempo de lectura\" \/>\n\t<meta name=\"twitter:data1\" content=\"4 minutos\" \/>\n<script type=\"application\/ld+json\" class=\"yoast-schema-graph\">{\"@context\":\"https:\/\/schema.org\",\"@graph\":[{\"@type\":\"WebPage\",\"@id\":\"https:\/\/lidiaruz.cat\/politica-de-cookies\/\",\"url\":\"https:\/\/lidiaruz.cat\/politica-de-cookies\/\",\"name\":\"Pol\u00edtica de cookies: Informaci\u00f3n sobre uso de datos en el Bergued\u00e0 - L\u00eddia Ruz advocada\",\"isPartOf\":{\"@id\":\"https:\/\/lidiaruz.cat\/#website\"},\"datePublished\":\"2023-12-15T12:27:51+00:00\",\"dateModified\":\"2025-07-31T11:44:25+00:00\",\"description\":\"Consulta nuestra pol\u00edtica de cookies para obtener informaci\u00f3n sobre el uso de datos y la recopilaci\u00f3n de navegaci\u00f3n en nuestra web de asesoramiento legal.\",\"breadcrumb\":{\"@id\":\"https:\/\/lidiaruz.cat\/politica-de-cookies\/#breadcrumb\"},\"inLanguage\":\"es\",\"potentialAction\":[{\"@type\":\"ReadAction\",\"target\":[\"https:\/\/lidiaruz.cat\/politica-de-cookies\/\"]}]},{\"@type\":\"BreadcrumbList\",\"@id\":\"https:\/\/lidiaruz.cat\/politica-de-cookies\/#breadcrumb\",\"itemListElement\":[{\"@type\":\"ListItem\",\"position\":1,\"name\":\"Inici\",\"item\":\"https:\/\/lidiaruz.cat\/es\/\"},{\"@type\":\"ListItem\",\"position\":2,\"name\":\"Pol\u00edtica de cookies\"}]},{\"@type\":\"WebSite\",\"@id\":\"https:\/\/lidiaruz.cat\/#website\",\"url\":\"https:\/\/lidiaruz.cat\/\",\"name\":\"L\u00eddia Ruz advocada\",\"description\":\"Abogada en Berga, dret fam\u00edlia, processal civil i penal\",\"potentialAction\":[{\"@type\":\"SearchAction\",\"target\":{\"@type\":\"EntryPoint\",\"urlTemplate\":\"https:\/\/lidiaruz.cat\/?s={search_term_string}\"},\"query-input\":{\"@type\":\"PropertyValueSpecification\",\"valueRequired\":true,\"valueName\":\"search_term_string\"}}],\"inLanguage\":\"es\"}]}<\/script>\n<!-- \/ Yoast SEO plugin. -->","yoast_head_json":{"title":"Pol\u00edtica de cookies: Informaci\u00f3n sobre uso de datos en el Bergued\u00e0 - L\u00eddia Ruz advocada","description":"Consulta nuestra pol\u00edtica de cookies para obtener informaci\u00f3n sobre el uso de datos y la recopilaci\u00f3n de navegaci\u00f3n en nuestra web de asesoramiento legal.","robots":{"index":"index","follow":"follow","max-snippet":"max-snippet:-1","max-image-preview":"max-image-preview:large","max-video-preview":"max-video-preview:-1"},"canonical":"https:\/\/lidiaruz.cat\/politica-de-cookies\/","og_locale":"es_ES","og_type":"article","og_title":"Pol\u00edtica de cookies: Informaci\u00f3n sobre uso de datos en el Bergued\u00e0 - L\u00eddia Ruz advocada","og_description":"Consulta nuestra pol\u00edtica de cookies para obtener informaci\u00f3n sobre el uso de datos y la recopilaci\u00f3n de navegaci\u00f3n en nuestra web de asesoramiento legal.","og_url":"https:\/\/lidiaruz.cat\/politica-de-cookies\/","og_site_name":"L\u00eddia Ruz advocada","article_modified_time":"2025-07-31T11:44:25+00:00","twitter_card":"summary_large_image","twitter_misc":{"Tiempo de lectura":"4 minutos"},"schema":{"@context":"https:\/\/schema.org","@graph":[{"@type":"WebPage","@id":"https:\/\/lidiaruz.cat\/politica-de-cookies\/","url":"https:\/\/lidiaruz.cat\/politica-de-cookies\/","name":"Pol\u00edtica de cookies: Informaci\u00f3n sobre uso de datos en el Bergued\u00e0 - L\u00eddia Ruz advocada","isPartOf":{"@id":"https:\/\/lidiaruz.cat\/#website"},"datePublished":"2023-12-15T12:27:51+00:00","dateModified":"2025-07-31T11:44:25+00:00","description":"Consulta nuestra pol\u00edtica de cookies para obtener informaci\u00f3n sobre el uso de datos y la recopilaci\u00f3n de navegaci\u00f3n en nuestra web de asesoramiento legal.","breadcrumb":{"@id":"https:\/\/lidiaruz.cat\/politica-de-cookies\/#breadcrumb"},"inLanguage":"es","potentialAction":[{"@type":"ReadAction","target":["https:\/\/lidiaruz.cat\/politica-de-cookies\/"]}]},{"@type":"BreadcrumbList","@id":"https:\/\/lidiaruz.cat\/politica-de-cookies\/#breadcrumb","itemListElement":[{"@type":"ListItem","position":1,"name":"Inici","item":"https:\/\/lidiaruz.cat\/es\/"},{"@type":"ListItem","position":2,"name":"Pol\u00edtica de cookies"}]},{"@type":"WebSite","@id":"https:\/\/lidiaruz.cat\/#website","url":"https:\/\/lidiaruz.cat\/","name":"L\u00eddia Ruz advocada","description":"Abogada en Berga, dret fam\u00edlia, processal civil i penal","potentialAction":[{"@type":"SearchAction","target":{"@type":"EntryPoint","urlTemplate":"https:\/\/lidiaruz.cat\/?s={search_term_string}"},"query-input":{"@type":"PropertyValueSpecification","valueRequired":true,"valueName":"search_term_string"}}],"inLanguage":"es"}]}},"_links":{"self":[{"href":"https:\/\/lidiaruz.cat\/es\/wp-json\/wp\/v2\/pages\/748","targetHints":{"allow":["GET"]}}],"collection":[{"href":"https:\/\/lidiaruz.cat\/es\/wp-json\/wp\/v2\/pages"}],"about":[{"href":"https:\/\/lidiaruz.cat\/es\/wp-json\/wp\/v2\/types\/page"}],"author":[{"embeddable":true,"href":"https:\/\/lidiaruz.cat\/es\/wp-json\/wp\/v2\/users\/3"}],"replies":[{"embeddable":true,"href":"https:\/\/lidiaruz.cat\/es\/wp-json\/wp\/v2\/comments?post=748"}],"version-history":[{"count":2,"href":"https:\/\/lidiaruz.cat\/es\/wp-json\/wp\/v2\/pages\/748\/revisions"}],"predecessor-version":[{"id":1015,"href":"https:\/\/lidiaruz.cat\/es\/wp-json\/wp\/v2\/pages\/748\/revisions\/1015"}],"wp:attachment":[{"href":"https:\/\/lidiaruz.cat\/es\/wp-json\/wp\/v2\/media?parent=748"}],"curies":[{"name":"wp","href":"https:\/\/api.w.org\/{rel}","templated":true}]}}