{"id":755,"date":"2018-07-05T10:43:17","date_gmt":"2018-07-05T10:43:17","guid":{"rendered":"https:\/\/lidiaruz.cat\/avis-legal\/"},"modified":"2025-07-31T13:41:18","modified_gmt":"2025-07-31T11:41:18","slug":"aviso-legal","status":"publish","type":"page","link":"https:\/\/lidiaruz.cat\/es\/aviso-legal\/","title":{"rendered":"Aviso legal"},"content":{"rendered":"\n<style type=\"text\/css\" data-created_by=\"avia_inline_auto\" id=\"style-css-av-113ir-584a3eda24df9f1edd85250bfc3bae2b\">\n.flex_column.av-113ir-584a3eda24df9f1edd85250bfc3bae2b{\nborder-radius:0px 0px 0px 0px;\npadding:0px 0px 0px 0px;\n}\n<\/style>\n<div  class='flex_column av-113ir-584a3eda24df9f1edd85250bfc3bae2b av_one_full  avia-builder-el-0  avia-builder-el-no-sibling  first flex_column_div av-zero-column-padding  '     ><section  class='av_textblock_section av-jj8ft5xd-d3928188623af09bedd9d4b94cc72309 '   itemscope=\"itemscope\" itemtype=\"https:\/\/schema.org\/CreativeWork\" ><div class='avia_textblock'  itemprop=\"text\" >\r\n\r\n<h1>Aviso legal<\/h1>\r\n<h2>0. Identificaci\u00f3n<\/h2>\r\n<p>L\u00eddia Ruz, en adelante LA EMPRESA, en cumplimiento de la Ley 34\/2002, de 11 de julio, de Servicios de la Sociedad de la Informaci\u00f3n y de Comercio Electr\u00f3nico, le informa que:<\/p>\r\n<ul>\r\n<li>Su denominaci\u00f3n social es: <span class='social-name'>L\u00eddia Ruz<\/span><\/li>\r\n<li>Su nombre comercial es: <span class='comercial-name'>L\u00eddia Ruz<\/span><\/li>\r\n<li>Su CIF es: <span class='business-cif'>45648890P<\/span><\/li>\r\n<li>Su domicilio social es: <span class='business_loc'>C\/ Pla\u00e7a dels Pa\u00efsos Catalans, 4 2-4 Berga<\/span><\/li>\r\n<\/ul>\r\n<h2>1. Objeto<\/h2>\r\n<p>El presente aviso legal regula el uso y utilizaci\u00f3n del presente sitio web, del que es titular LA EMPRESA.<\/p>\r\n<p>La navegaci\u00f3n por el sitio web de LA EMPRESA le atribuye la condici\u00f3n de USUARIO del mismo y supone su aceptaci\u00f3n plena y sin reservas de todas y cada una de las condiciones publicadas en este aviso legal, advirtiendo que estas condiciones pueden ser modificadas sin notificaci\u00f3n previa por parte de LA EMPRESA, en cuyo caso se proceder\u00e1 a su publicaci\u00f3n y aviso con la m\u00e1xima antelaci\u00f3n posible.<\/p>\r\n<p>Por ello es recomendable leer con atenci\u00f3n el contenido del presente aviso legal en caso de desear acceder y hacer uso de la informaci\u00f3n y los servicios ofrecidos desde este sitio web.<\/p>\r\n<p>El usuario, adem\u00e1s, se obliga a hacer un uso correcto del sitio web de conformidad con las leyes, la buena fe, el orden p\u00fablico, los usos del tr\u00e1fico y el presente Aviso Legal, y responder\u00e1 ante LA EMPRESA o ante terceros, de cualesquier da\u00f1o o perjuicio que pudieran causarse como consecuencia del incumplimiento de esta obligaci\u00f3n.<\/p>\r\n<p>Cualquier utilizaci\u00f3n distinta a la autorizada est\u00e1 expresamente prohibida, y LA EMPRESA puede denegar o retirar el acceso y su uso en cualquier momento.<\/p>\r\n<h2>2. Comunicaciones<\/h2>\r\n<p>Para comunicarse con nosotros, ponemos a su disposici\u00f3n diferentes medios de contacto que detallamos a continuaci\u00f3n:<\/p>\r\n<ul>\r\n<li>tel\u00e9fono<\/li>\r\n<li>correo electr\u00f3nico<\/li>\r\n<\/ul>\r\n<p>Todas las notificaciones y comunicaciones entre los usuarios y LA EMPRESA se considerar\u00e1n eficaces, a todos los efectos, cuando se realicen a trav\u00e9s de cualquier medio de los citados anteriormente<\/p>\r\n<h2>3. Condiciones de acceso y utilizaci\u00f3n<\/h2>\r\n<p>El sitio web y sus servicios son de acceso libre y gratuito. Sin embargo, LA EMPRESA puede alterar sin previo aviso la utilizaci\u00f3n de algunos de los servicios ofrecidos en su web.<\/p>\r\n<p>El usuario garantiza la autenticidad y actualidad de todos aquellos datos que comunique a LA EMPRESA y ser\u00e1 el \u00fanico responsable de las manifestaciones falsas o inexactas que realice.<\/p>\r\n<p>El usuario se compromete expresamente a hacer un uso adecuado de los contenidos y servicios de LA EMPRESA y a no emplearlos para, entre otros:<\/p>\r\n<ol>\r\n<li>Difundir contenidos delictivos, violentos, pornogr\u00e1ficos, racistas, xen\u00f3fobos, ofensivos, de apolog\u00eda del terrorismo o, en general, contrarios a la ley o al orden p\u00fablico.<\/li>\r\n<li>Introducir en la red virus inform\u00e1ticos o realizar actuaciones susceptibles de alterar, estropear, interrumpir o generar errores o da\u00f1os en los documentos electr\u00f3nicos, datos o sistemas f\u00edsicos y l\u00f3gicos de LA EMPRESA o de terceras personas; as\u00ed como obstaculizar el acceso de otros usuarios al sitio web y a sus servicios mediante el consumo masivo de los recursos inform\u00e1ticos a trav\u00e9s de los cuales LA EMPRESA presta sus servicios.<\/li>\r\n<li>Intentar acceder a las cuentas de correo electr\u00f3nico de otros usuarios o a \u00e1reas restringidas de los sistemas inform\u00e1ticos de LA EMPRESA o de terceros y, en su caso, extraer informaci\u00f3n.<\/li>\r\n<li>Vulnerar los derechos de propiedad intelectual o industrial, as\u00ed como violar la confidencialidad de la informaci\u00f3n de LA EMPRESA o de terceros.<\/li>\r\n<li>Suplantar la identidad de cualquier otro usuario.<\/li>\r\n<li>Reproducir, copiar, distribuir o modificar los contenidos, a menos que se cuente con la autorizaci\u00f3n del titular de los correspondientes derechos o ello resulte legalmente permitido.<\/li>\r\n<li>Recabar datos con finalidad publicitaria y de remitir publicidad de cualquier clase y comunicaciones con fines de venta u otras de naturaleza comercial sin que exista la previa solicitud o consentimiento.<\/li>\r\n<\/ol>\r\n<p>Todos los contenidos del sitio web, como textos, fotograf\u00edas, gr\u00e1ficos, im\u00e1genes, iconos, tecnolog\u00eda, software, as\u00ed como su dise\u00f1o gr\u00e1fico y c\u00f3digos fuente, constituyen una obra y la propiedad pertenece a LA EMPRESA, sin que puedan entenderse cedidos al usuario ninguno de los derechos de explotaci\u00f3n sobre los mismos m\u00e1s all\u00e1 de lo estrictamente necesario para el correcto uso de la web.<\/p>\r\n<p>En definitiva, los usuarios que accedan a este sitio web pueden visualizar los contenidos y efectuar, en su caso, copias privadas autorizadas siempre que los elementos reproducidos no sean cedidos posteriormente a terceros, ni se instalen a servidores conectados a redes, ni sean objeto de ning\u00fan tipo de explotaci\u00f3n.<\/p>\r\n<p>Asimismo, todas las marcas, nombres comerciales o signos distintivos de cualquier clase que aparecen en el sitio web son propiedad de LA EMPRESA, sin que pueda entenderse que el uso o acceso al mismo atribuya al usuario derecho alguno sobre los mismos.<\/p>\r\n<p>La distribuci\u00f3n, modificaci\u00f3n, cesi\u00f3n o comunicaci\u00f3n p\u00fablica de los contenidos y cualquier otro acto que no haya sido expresamente autorizado por el titular de los derechos de explotaci\u00f3n quedan prohibidos.<\/p>\r\n<p>El establecimiento de un hiperenlace no implica en ning\u00fan caso la existencia de relaciones entre LA EMPRESA y el propietario del sitio web en la que se establezca, ni la aceptaci\u00f3n y aprobaci\u00f3n por parte de LA EMPRESA de sus contenidos o servicios.<\/p>\r\n<p>LA EMPRESA no se responsabiliza del uso que cada usuario le d\u00e9 a los materiales puestos a disposici\u00f3n en este sitio web ni de las actuaciones que realice en base a los mismos.<\/p>\r\n<h3>3.1 Exclusi\u00f3n de garant\u00edas y de responsabilidad en el acceso y la utilizaci\u00f3n<\/h3>\r\n<p>El contenido del presente sitio web es de car\u00e1cter general y tiene una finalidad meramente informativa, sin que se garantice plenamente el acceso a todos los contenidos, ni su exhaustividad, correcci\u00f3n, vigencia o actualidad, ni su idoneidad o utilidad para un objetivo espec\u00edfico.<\/p>\r\n<p>LA EMPRESA excluye, hasta donde permite el ordenamiento jur\u00eddico, cualquier responsabilidad por los da\u00f1os y perjuicios de toda naturaleza derivados de:<\/p>\r\n<ol>\r\n<li>La imposibilidad de acceso al sitio web o la falta de veracidad, exactitud, exhaustividad y \/ o actualidad de los contenidos, as\u00ed como la existencia de vicios y defectos de toda clase de los contenidos transmitidos, difundidos, almacenados, puestos a disposici\u00f3n, a los que se haya accedido a trav\u00e9s del sitio web o de los servicios que se ofrecen.<\/li>\r\n<li>La presencia de virus o de otros elementos en los contenidos que puedan producir alteraciones en los sistemas inform\u00e1ticos, documentos electr\u00f3nicos o datos de los usuarios.<\/li>\r\n<li>El incumplimiento de las leyes, la buena fe, el orden p\u00fablico, los usos del tr\u00e1fico y el presente aviso legal como consecuencia del uso incorrecto del sitio web. En particular, y a modo de ejemplo, LA EMPRESA no se hace responsable de las actuaciones de terceros que vulneren derechos de propiedad intelectual e industrial, secretos empresariales, derechos al honor, a la intimidad personal y familiar ya la propia imagen, as\u00ed como la normativa en materia de competencia desleal y publicidad il\u00edcita.<\/li>\r\n<\/ol>\r\n<p>Asimismo, LA EMPRESA declina cualquier responsabilidad respecto a la informaci\u00f3n que se halle fuera de esta web y no sea gestionada directamente por nuestro webmaster. La funci\u00f3n de los links externos que puedan aparecer en esta web es exclusivamente la de informar al usuario sobre la existencia de otras fuentes susceptibles de ampliar los contenidos que ofrece este sitio web. LA EMPRESA no garantiza ni se responsabiliza del funcionamiento o accesibilidad de los sitios enlazados; ni sugiere, invita o recomienda la visita a los mismos, por lo que tampoco ser\u00e1 responsable del resultado obtenido. LA EMPRESA no se responsabiliza del establecimiento de hiperv\u00ednculos por parte de terceros.<\/p>\r\n<h3>\u00a03.2 Procedimiento en caso de realizaci\u00f3n de actividades de car\u00e1cter il\u00edcito<\/h3>\r\n<p>En caso de que cualquier usuario o un tercero considere que existen hechos o circunstancias que revelen el car\u00e1cter il\u00edcito de la utilizaci\u00f3n de cualquier contenido y \/ o de la realizaci\u00f3n de cualquier actividad en las p\u00e1ginas web incluidas o accesibles a trav\u00e9s del sitio web, deber\u00e1 enviar una notificaci\u00f3n a LA EMPRESA identific\u00e1ndose debidamente y especificando las supuestas infracciones.<\/p>\r\n<h3>3.3 Publicaciones<\/h3>\r\n<p>La informaci\u00f3n administrativa facilitada a trav\u00e9s del sitio web no sustituye la publicidad legal de las leyes, normativas, planes, disposiciones generales y actos que tengan que ser publicados formalmente a los diarios oficiales de las administraciones p\u00fablicas, que constituyen el \u00fanico instrumento que da fe de su autenticidad y contenido. La informaci\u00f3n disponible en este sitio web debe entenderse como una gu\u00eda sin prop\u00f3sito de validez legal.<\/p>\r\n<h2>4. Legislaci\u00f3n aplicable<\/h2>\r\n<p>Las condiciones presentes se regir\u00e1n por la legislaci\u00f3n espa\u00f1ola vigente.<\/p>\r\n\n<\/div><\/section><\/div>\n","protected":false},"excerpt":{"rendered":"","protected":false},"author":3,"featured_media":0,"parent":0,"menu_order":0,"comment_status":"closed","ping_status":"closed","template":"","meta":{"inline_featured_image":false,"footnotes":""},"class_list":["post-755","page","type-page","status-publish","hentry"],"yoast_head":"<!-- This site is optimized with the Yoast SEO plugin v27.0 - https:\/\/yoast.com\/product\/yoast-seo-wordpress\/ -->\n<title>Aviso legal y condiciones de uso de servicios legales en Berga - L\u00eddia Ruz advocada<\/title>\n<meta name=\"description\" content=\"Consulta las condiciones de uso de nuestra web y los servicios legales de L\u00eddia Ruz en Berga y el Bergued\u00e0. Protecci\u00f3n de datos y responsabilidades.\" \/>\n<meta name=\"robots\" content=\"index, follow, max-snippet:-1, max-image-preview:large, max-video-preview:-1\" \/>\n<link rel=\"canonical\" href=\"https:\/\/lidiaruz.cat\/avis-legal\/\" \/>\n<meta property=\"og:locale\" content=\"es_ES\" \/>\n<meta property=\"og:type\" content=\"article\" \/>\n<meta property=\"og:title\" content=\"Aviso legal y condiciones de uso de servicios legales en Berga - L\u00eddia Ruz advocada\" \/>\n<meta property=\"og:description\" content=\"Consulta las condiciones de uso de nuestra web y los servicios legales de L\u00eddia Ruz en Berga y el Bergued\u00e0. Protecci\u00f3n de datos y responsabilidades.\" \/>\n<meta property=\"og:url\" content=\"https:\/\/lidiaruz.cat\/avis-legal\/\" \/>\n<meta property=\"og:site_name\" content=\"L\u00eddia Ruz advocada\" \/>\n<meta property=\"article:modified_time\" content=\"2025-07-31T11:41:18+00:00\" \/>\n<meta name=\"twitter:card\" content=\"summary_large_image\" \/>\n<meta name=\"twitter:label1\" content=\"Tiempo de lectura\" \/>\n\t<meta name=\"twitter:data1\" content=\"7 minutos\" \/>\n<script type=\"application\/ld+json\" class=\"yoast-schema-graph\">{\"@context\":\"https:\/\/schema.org\",\"@graph\":[{\"@type\":\"WebPage\",\"@id\":\"https:\/\/lidiaruz.cat\/avis-legal\/\",\"url\":\"https:\/\/lidiaruz.cat\/avis-legal\/\",\"name\":\"Aviso legal y condiciones de uso de servicios legales en Berga - L\u00eddia Ruz advocada\",\"isPartOf\":{\"@id\":\"https:\/\/lidiaruz.cat\/#website\"},\"datePublished\":\"2018-07-05T10:43:17+00:00\",\"dateModified\":\"2025-07-31T11:41:18+00:00\",\"description\":\"Consulta las condiciones de uso de nuestra web y los servicios legales de L\u00eddia Ruz en Berga y el Bergued\u00e0. Protecci\u00f3n de datos y responsabilidades.\",\"breadcrumb\":{\"@id\":\"https:\/\/lidiaruz.cat\/avis-legal\/#breadcrumb\"},\"inLanguage\":\"es\",\"potentialAction\":[{\"@type\":\"ReadAction\",\"target\":[\"https:\/\/lidiaruz.cat\/avis-legal\/\"]}]},{\"@type\":\"BreadcrumbList\",\"@id\":\"https:\/\/lidiaruz.cat\/avis-legal\/#breadcrumb\",\"itemListElement\":[{\"@type\":\"ListItem\",\"position\":1,\"name\":\"Inici\",\"item\":\"https:\/\/lidiaruz.cat\/es\/\"},{\"@type\":\"ListItem\",\"position\":2,\"name\":\"Aviso legal\"}]},{\"@type\":\"WebSite\",\"@id\":\"https:\/\/lidiaruz.cat\/#website\",\"url\":\"https:\/\/lidiaruz.cat\/\",\"name\":\"L\u00eddia Ruz advocada\",\"description\":\"Abogada en Berga, dret fam\u00edlia, processal civil i penal\",\"potentialAction\":[{\"@type\":\"SearchAction\",\"target\":{\"@type\":\"EntryPoint\",\"urlTemplate\":\"https:\/\/lidiaruz.cat\/?s={search_term_string}\"},\"query-input\":{\"@type\":\"PropertyValueSpecification\",\"valueRequired\":true,\"valueName\":\"search_term_string\"}}],\"inLanguage\":\"es\"}]}<\/script>\n<!-- \/ Yoast SEO plugin. -->","yoast_head_json":{"title":"Aviso legal y condiciones de uso de servicios legales en Berga - L\u00eddia Ruz advocada","description":"Consulta las condiciones de uso de nuestra web y los servicios legales de L\u00eddia Ruz en Berga y el Bergued\u00e0. Protecci\u00f3n de datos y responsabilidades.","robots":{"index":"index","follow":"follow","max-snippet":"max-snippet:-1","max-image-preview":"max-image-preview:large","max-video-preview":"max-video-preview:-1"},"canonical":"https:\/\/lidiaruz.cat\/avis-legal\/","og_locale":"es_ES","og_type":"article","og_title":"Aviso legal y condiciones de uso de servicios legales en Berga - L\u00eddia Ruz advocada","og_description":"Consulta las condiciones de uso de nuestra web y los servicios legales de L\u00eddia Ruz en Berga y el Bergued\u00e0. Protecci\u00f3n de datos y responsabilidades.","og_url":"https:\/\/lidiaruz.cat\/avis-legal\/","og_site_name":"L\u00eddia Ruz advocada","article_modified_time":"2025-07-31T11:41:18+00:00","twitter_card":"summary_large_image","twitter_misc":{"Tiempo de lectura":"7 minutos"},"schema":{"@context":"https:\/\/schema.org","@graph":[{"@type":"WebPage","@id":"https:\/\/lidiaruz.cat\/avis-legal\/","url":"https:\/\/lidiaruz.cat\/avis-legal\/","name":"Aviso legal y condiciones de uso de servicios legales en Berga - L\u00eddia Ruz advocada","isPartOf":{"@id":"https:\/\/lidiaruz.cat\/#website"},"datePublished":"2018-07-05T10:43:17+00:00","dateModified":"2025-07-31T11:41:18+00:00","description":"Consulta las condiciones de uso de nuestra web y los servicios legales de L\u00eddia Ruz en Berga y el Bergued\u00e0. Protecci\u00f3n de datos y responsabilidades.","breadcrumb":{"@id":"https:\/\/lidiaruz.cat\/avis-legal\/#breadcrumb"},"inLanguage":"es","potentialAction":[{"@type":"ReadAction","target":["https:\/\/lidiaruz.cat\/avis-legal\/"]}]},{"@type":"BreadcrumbList","@id":"https:\/\/lidiaruz.cat\/avis-legal\/#breadcrumb","itemListElement":[{"@type":"ListItem","position":1,"name":"Inici","item":"https:\/\/lidiaruz.cat\/es\/"},{"@type":"ListItem","position":2,"name":"Aviso legal"}]},{"@type":"WebSite","@id":"https:\/\/lidiaruz.cat\/#website","url":"https:\/\/lidiaruz.cat\/","name":"L\u00eddia Ruz advocada","description":"Abogada en Berga, dret fam\u00edlia, processal civil i penal","potentialAction":[{"@type":"SearchAction","target":{"@type":"EntryPoint","urlTemplate":"https:\/\/lidiaruz.cat\/?s={search_term_string}"},"query-input":{"@type":"PropertyValueSpecification","valueRequired":true,"valueName":"search_term_string"}}],"inLanguage":"es"}]}},"_links":{"self":[{"href":"https:\/\/lidiaruz.cat\/es\/wp-json\/wp\/v2\/pages\/755","targetHints":{"allow":["GET"]}}],"collection":[{"href":"https:\/\/lidiaruz.cat\/es\/wp-json\/wp\/v2\/pages"}],"about":[{"href":"https:\/\/lidiaruz.cat\/es\/wp-json\/wp\/v2\/types\/page"}],"author":[{"embeddable":true,"href":"https:\/\/lidiaruz.cat\/es\/wp-json\/wp\/v2\/users\/3"}],"replies":[{"embeddable":true,"href":"https:\/\/lidiaruz.cat\/es\/wp-json\/wp\/v2\/comments?post=755"}],"version-history":[{"count":3,"href":"https:\/\/lidiaruz.cat\/es\/wp-json\/wp\/v2\/pages\/755\/revisions"}],"predecessor-version":[{"id":1011,"href":"https:\/\/lidiaruz.cat\/es\/wp-json\/wp\/v2\/pages\/755\/revisions\/1011"}],"wp:attachment":[{"href":"https:\/\/lidiaruz.cat\/es\/wp-json\/wp\/v2\/media?parent=755"}],"curies":[{"name":"wp","href":"https:\/\/api.w.org\/{rel}","templated":true}]}}