{"id":757,"date":"2023-05-18T20:27:08","date_gmt":"2023-05-18T20:27:08","guid":{"rendered":"https:\/\/lidiaruz.cat\/declaracio-daccessibilitat\/"},"modified":"2025-07-31T13:44:57","modified_gmt":"2025-07-31T11:44:57","slug":"declaracion-accesibilidad","status":"publish","type":"page","link":"https:\/\/lidiaruz.cat\/es\/declaracion-accesibilidad\/","title":{"rendered":"Declaraci\u00f3n de accesibilidad"},"content":{"rendered":"<div  class='flex_column av-105su-b37ba425f3d81987c5209e7f7fffb8f7 av_one_full  avia-builder-el-0  avia-builder-el-no-sibling  first flex_column_div  '     ><section  class='av_textblock_section av-lhtl1wru-9febd0037279fae4a2d0208f97eda571 '   itemscope=\"itemscope\" itemtype=\"https:\/\/schema.org\/CreativeWork\" ><div class='avia_textblock'  itemprop=\"text\" >\r\n\r\n<h1>Desclaraci\u00f3n de accesibilidad<\/h1><p>L\u00eddia Ruz\u00a0se compromete en hacer accesible su sitio web de conformidad con el\u00a0 <a href='https:\/\/www.boe.es\/eli\/es\/rd\/2018\/09\/07\/1112'>Real Decreto 1112\/2018<\/a>, de 7 de septiembre, sobre accesibilidad de los sitios web y aplicaciones para dispositivos m\u00f3viles del sector p\u00fablico.<\/p>\r\n<p>La presente declaraci\u00f3n de accesibilidad se aplica al presente sitio web.<\/p>\r\n<h2>Situaci\u00f3n de cumplimiento<\/h2>\r\n<p>Este sitio web es plenamente conforme con el RD 1112\/2018.<\/p>\r\n<h2>Contenido no accesible<\/h2>\r\n<p>El contenido que se recoge a continuaci\u00f3n no es accesible por lo siguiente:<\/p>\r\n<p><strong>Falta de conformidad con el RD 1112\/2018<\/strong><\/p>\r\n<p>Se puede encontrar a\u00fan anidamientos incorrectos de etiquetas.<\/p>\r\n<p>Podr\u00edan existir fallos puntuales de edici\u00f3n en la p\u00e1gina web.<\/p>\r\n<p><strong>Carga desproporcionada<\/strong><\/p>\r\n<p>No aplica.<\/p>\r\n<h2>Preparaci\u00f3n de la presente declaraci\u00f3n de accesibilidad<\/h2>\r\n<p>La presente declaraci\u00f3n fue preparada el 05 de Mayo de 2023.<\/p>\r\n<p>El m\u00e9todo empleado para preparar la declaraci\u00f3n ha sido una autoevaluaci\u00f3n llevada a cabo por la propia empresa.<\/p>\r\n<h2>Observaciones y datos de contacto<\/h2>\r\n<p>Puede realizar comunicaciones sobre requisitos de accesibilidad (art\u00edculo 10.2.a) del RD 1112\/2018) como por ejemplo:<\/p>\r\n<p>\u00a0<\/p>\r\n<ul>\r\n<li>Informar sobre cualquier posible incumplimiento por parte de este sitio web.<\/li>\r\n<li>Transmitir otras dificultades de acceso al contenido.<\/li>\r\n<li>Formular cualquier otra consulta o sugerencia de mejora relativa a la accesibilidad del sitio web.<\/li>\r\n<\/ul>\r\n<p>A trav\u00e9s de nuestro formulario de contacto, por tel\u00e9fono o de manera presencial en nuestra sede.<\/p>\r\n<p>Las comunicaciones, quejas y solicitudes de informaci\u00f3n accesible ser\u00e1n recibidas y tratadas por nuestro equipo.<\/p>\n<\/div><\/section><\/div>\n","protected":false},"excerpt":{"rendered":"","protected":false},"author":3,"featured_media":0,"parent":0,"menu_order":0,"comment_status":"closed","ping_status":"closed","template":"","meta":{"inline_featured_image":false,"footnotes":""},"class_list":["post-757","page","type-page","status-publish","hentry"],"yoast_head":"<!-- This site is optimized with the Yoast SEO plugin v27.0 - https:\/\/yoast.com\/product\/yoast-seo-wordpress\/ -->\n<title>Declaraci\u00f3n de accesibilidad de los servicios legales en Berga - L\u00eddia Ruz advocada<\/title>\n<meta name=\"description\" content=\"Conoce el compromiso de accesibilidad de nuestra web y servicios legales en Berga, asegurando una experiencia inclusiva para todos los usuarios.\" \/>\n<meta name=\"robots\" content=\"index, follow, max-snippet:-1, max-image-preview:large, max-video-preview:-1\" \/>\n<link rel=\"canonical\" href=\"https:\/\/lidiaruz.cat\/declaracio-daccessibilitat\/\" \/>\n<meta property=\"og:locale\" content=\"es_ES\" \/>\n<meta property=\"og:type\" content=\"article\" \/>\n<meta property=\"og:title\" content=\"Declaraci\u00f3n de accesibilidad de los servicios legales en Berga - L\u00eddia Ruz advocada\" \/>\n<meta property=\"og:description\" content=\"Conoce el compromiso de accesibilidad de nuestra web y servicios legales en Berga, asegurando una experiencia inclusiva para todos los usuarios.\" \/>\n<meta property=\"og:url\" content=\"https:\/\/lidiaruz.cat\/declaracio-daccessibilitat\/\" \/>\n<meta property=\"og:site_name\" content=\"L\u00eddia Ruz advocada\" \/>\n<meta property=\"article:modified_time\" content=\"2025-07-31T11:44:57+00:00\" \/>\n<meta name=\"twitter:card\" content=\"summary_large_image\" \/>\n<meta name=\"twitter:label1\" content=\"Tiempo de lectura\" \/>\n\t<meta name=\"twitter:data1\" content=\"2 minutos\" \/>\n<script type=\"application\/ld+json\" class=\"yoast-schema-graph\">{\"@context\":\"https:\/\/schema.org\",\"@graph\":[{\"@type\":\"WebPage\",\"@id\":\"https:\/\/lidiaruz.cat\/declaracio-daccessibilitat\/\",\"url\":\"https:\/\/lidiaruz.cat\/declaracio-daccessibilitat\/\",\"name\":\"Declaraci\u00f3n de accesibilidad de los servicios legales en Berga - L\u00eddia Ruz advocada\",\"isPartOf\":{\"@id\":\"https:\/\/lidiaruz.cat\/#website\"},\"datePublished\":\"2023-05-18T20:27:08+00:00\",\"dateModified\":\"2025-07-31T11:44:57+00:00\",\"description\":\"Conoce el compromiso de accesibilidad de nuestra web y servicios legales en Berga, asegurando una experiencia inclusiva para todos los usuarios.\",\"breadcrumb\":{\"@id\":\"https:\/\/lidiaruz.cat\/declaracio-daccessibilitat\/#breadcrumb\"},\"inLanguage\":\"es\",\"potentialAction\":[{\"@type\":\"ReadAction\",\"target\":[\"https:\/\/lidiaruz.cat\/declaracio-daccessibilitat\/\"]}]},{\"@type\":\"BreadcrumbList\",\"@id\":\"https:\/\/lidiaruz.cat\/declaracio-daccessibilitat\/#breadcrumb\",\"itemListElement\":[{\"@type\":\"ListItem\",\"position\":1,\"name\":\"Inici\",\"item\":\"https:\/\/lidiaruz.cat\/es\/\"},{\"@type\":\"ListItem\",\"position\":2,\"name\":\"Declaraci\u00f3n de accesibilidad\"}]},{\"@type\":\"WebSite\",\"@id\":\"https:\/\/lidiaruz.cat\/#website\",\"url\":\"https:\/\/lidiaruz.cat\/\",\"name\":\"L\u00eddia Ruz advocada\",\"description\":\"Abogada en Berga, dret fam\u00edlia, processal civil i penal\",\"potentialAction\":[{\"@type\":\"SearchAction\",\"target\":{\"@type\":\"EntryPoint\",\"urlTemplate\":\"https:\/\/lidiaruz.cat\/?s={search_term_string}\"},\"query-input\":{\"@type\":\"PropertyValueSpecification\",\"valueRequired\":true,\"valueName\":\"search_term_string\"}}],\"inLanguage\":\"es\"}]}<\/script>\n<!-- \/ Yoast SEO plugin. -->","yoast_head_json":{"title":"Declaraci\u00f3n de accesibilidad de los servicios legales en Berga - L\u00eddia Ruz advocada","description":"Conoce el compromiso de accesibilidad de nuestra web y servicios legales en Berga, asegurando una experiencia inclusiva para todos los usuarios.","robots":{"index":"index","follow":"follow","max-snippet":"max-snippet:-1","max-image-preview":"max-image-preview:large","max-video-preview":"max-video-preview:-1"},"canonical":"https:\/\/lidiaruz.cat\/declaracio-daccessibilitat\/","og_locale":"es_ES","og_type":"article","og_title":"Declaraci\u00f3n de accesibilidad de los servicios legales en Berga - L\u00eddia Ruz advocada","og_description":"Conoce el compromiso de accesibilidad de nuestra web y servicios legales en Berga, asegurando una experiencia inclusiva para todos los usuarios.","og_url":"https:\/\/lidiaruz.cat\/declaracio-daccessibilitat\/","og_site_name":"L\u00eddia Ruz advocada","article_modified_time":"2025-07-31T11:44:57+00:00","twitter_card":"summary_large_image","twitter_misc":{"Tiempo de lectura":"2 minutos"},"schema":{"@context":"https:\/\/schema.org","@graph":[{"@type":"WebPage","@id":"https:\/\/lidiaruz.cat\/declaracio-daccessibilitat\/","url":"https:\/\/lidiaruz.cat\/declaracio-daccessibilitat\/","name":"Declaraci\u00f3n de accesibilidad de los servicios legales en Berga - L\u00eddia Ruz advocada","isPartOf":{"@id":"https:\/\/lidiaruz.cat\/#website"},"datePublished":"2023-05-18T20:27:08+00:00","dateModified":"2025-07-31T11:44:57+00:00","description":"Conoce el compromiso de accesibilidad de nuestra web y servicios legales en Berga, asegurando una experiencia inclusiva para todos los usuarios.","breadcrumb":{"@id":"https:\/\/lidiaruz.cat\/declaracio-daccessibilitat\/#breadcrumb"},"inLanguage":"es","potentialAction":[{"@type":"ReadAction","target":["https:\/\/lidiaruz.cat\/declaracio-daccessibilitat\/"]}]},{"@type":"BreadcrumbList","@id":"https:\/\/lidiaruz.cat\/declaracio-daccessibilitat\/#breadcrumb","itemListElement":[{"@type":"ListItem","position":1,"name":"Inici","item":"https:\/\/lidiaruz.cat\/es\/"},{"@type":"ListItem","position":2,"name":"Declaraci\u00f3n de accesibilidad"}]},{"@type":"WebSite","@id":"https:\/\/lidiaruz.cat\/#website","url":"https:\/\/lidiaruz.cat\/","name":"L\u00eddia Ruz advocada","description":"Abogada en Berga, dret fam\u00edlia, processal civil i penal","potentialAction":[{"@type":"SearchAction","target":{"@type":"EntryPoint","urlTemplate":"https:\/\/lidiaruz.cat\/?s={search_term_string}"},"query-input":{"@type":"PropertyValueSpecification","valueRequired":true,"valueName":"search_term_string"}}],"inLanguage":"es"}]}},"_links":{"self":[{"href":"https:\/\/lidiaruz.cat\/es\/wp-json\/wp\/v2\/pages\/757","targetHints":{"allow":["GET"]}}],"collection":[{"href":"https:\/\/lidiaruz.cat\/es\/wp-json\/wp\/v2\/pages"}],"about":[{"href":"https:\/\/lidiaruz.cat\/es\/wp-json\/wp\/v2\/types\/page"}],"author":[{"embeddable":true,"href":"https:\/\/lidiaruz.cat\/es\/wp-json\/wp\/v2\/users\/3"}],"replies":[{"embeddable":true,"href":"https:\/\/lidiaruz.cat\/es\/wp-json\/wp\/v2\/comments?post=757"}],"version-history":[{"count":2,"href":"https:\/\/lidiaruz.cat\/es\/wp-json\/wp\/v2\/pages\/757\/revisions"}],"predecessor-version":[{"id":1016,"href":"https:\/\/lidiaruz.cat\/es\/wp-json\/wp\/v2\/pages\/757\/revisions\/1016"}],"wp:attachment":[{"href":"https:\/\/lidiaruz.cat\/es\/wp-json\/wp\/v2\/media?parent=757"}],"curies":[{"name":"wp","href":"https:\/\/api.w.org\/{rel}","templated":true}]}}